{"id":2056,"date":"2026-05-15T08:42:01","date_gmt":"2026-05-15T08:42:01","guid":{"rendered":"https:\/\/fondazionebonollo.com\/?page_id=2056"},"modified":"2026-05-15T09:40:25","modified_gmt":"2026-05-15T09:40:25","slug":"sanatorium","status":"publish","type":"page","link":"https:\/\/fondazionebonollo.com\/en\/projects\/sanatorium\/","title":{"rendered":"Sanatorium"},"content":{"rendered":"\t<div id=\"text-439208600\" class=\"text h1black\">\n\t\t\n<h2><span style=\"font-size: 19pt;\">COMING SOON<\/span><\/h2>\n\t\t\n<style>\n#text-439208600 {\n  color: rgb(255, 255, 255);\n}\n#text-439208600 > * {\n  color: rgb(255, 255, 255);\n}\n<\/style>\n\t<\/div>\n\t\n\t<div class=\"img has-hover x md-x lg-x y md-y lg-y\" id=\"image_874961565\">\n\t\t\t\t\t\t\t\t<div class=\"img-inner dark\" >\n\t\t\t<img loading=\"lazy\" decoding=\"async\" width=\"781\" height=\"587\" src=\"https:\/\/fondazionebonollo.com\/wp-content\/uploads\/2026\/05\/kowalski-sanatorium-hero-1.jpg\" class=\"attachment-large size-large\" alt=\"sanatorium\" srcset=\"https:\/\/fondazionebonollo.com\/wp-content\/uploads\/2026\/05\/kowalski-sanatorium-hero-1.jpg 781w, https:\/\/fondazionebonollo.com\/wp-content\/uploads\/2026\/05\/kowalski-sanatorium-hero-1-300x225.jpg 300w, https:\/\/fondazionebonollo.com\/wp-content\/uploads\/2026\/05\/kowalski-sanatorium-hero-1-768x577.jpg 768w\" sizes=\"auto, (max-width: 781px) 100vw, 781px\" \/>\t\t\t\t\t\t\n\t\t\t\t\t<\/div>\n\t\t\t\t\t\t\t\t\n<style>\n#image_874961565 {\n  width: 100%;\n}\n<\/style>\n\t<\/div>\n\t\n<div class=\"row row-small align-center\"  id=\"row-1560323748\">\n\n\t<div id=\"col-1056553780\" class=\"col small-12 large-12\"  >\n\t\t\t\t<div class=\"col-inner text-left\"  >\n\t\t\t\n\t\t\t\n\t<div id=\"text-1950261288\" class=\"text\">\n\t\t\n<h2><em style=\"font-size: 100%;\">SANATORIUM<\/em><\/h2>\n<h2>TOMASZ KOWALSKI<\/h2>\n\t\t\n<style>\n#text-1950261288 {\n  font-size: 1.4rem;\n}\n@media (min-width:550px) {\n  #text-1950261288 {\n    font-size: 1.2rem;\n  }\n}\n<\/style>\n\t<\/div>\n\t\n\t<div id=\"text-1181683663\" class=\"text blocco-testo\">\n\t\t\n<p>curaetd by Elisa Carollo<\/p>\n\t\t\n<style>\n#text-1181683663 {\n  font-size: 1rem;\n  line-height: 1.2;\n}\n@media (min-width:550px) {\n  #text-1181683663 {\n    font-size: 1.2rem;\n    line-height: 1;\n  }\n}\n<\/style>\n\t<\/div>\n\t\n\t<div id=\"text-496381192\" class=\"text testodata\">\n\t\t\n<p><strong><span style=\"font-size: 140%;\">23.05.2026 &gt; 30.08.2026<\/span><\/strong><\/p>\n\t\t\n<style>\n#text-496381192 {\n  color: rgb(255, 255, 255);\n}\n#text-496381192 > * {\n  color: rgb(255, 255, 255);\n}\n<\/style>\n\t<\/div>\n\t\n<p>Opening hours | Thursady 2:00 &gt; 7:00 pm, Friday and Saturday 10:30 am &gt;12:30 pm &#8211; 2:00 &gt; 7:00 pm Free admission. From Sunday to Wednesday by appointment only.<\/p>\n\t\t<\/div>\n\t\t\t\t\n<style>\n#col-1056553780 > .col-inner {\n  padding: 20px 0px 0px 0px;\n}\n@media (min-width:550px) {\n  #col-1056553780 > .col-inner {\n    padding: 20px 0px 0px 0px;\n  }\n}\n<\/style>\n\t<\/div>\n\n\t\n\n\t<div id=\"col-783302082\" class=\"col small-12 large-12\"  >\n\t\t\t\t<div class=\"col-inner\"  >\n\t\t\t\n\t\t\t\n<p>Tomasz Kowalski (Szczebrzeszyn, 1984) presents Sanatorium, an exhibition conceived specifically for the Fondazione Sandra e Giancarlo Bonollo per l\u2019arte contemporanea in Thiene. Housed within a former church and psychiatric hospital, the works on display reactivate the building\u2019s layered histories \u2014 devotion, confinement, illness, and introspection \u2014 transforming them into an active psychological presence.<\/p>\n<p>In his most recent works, the artist explores the question of simultaneous realities through the metaphor of the sanatorium and the psychiatric hospital, understood as suspended spaces outside ordinary temporality, where perception enters a liminal dimension and the boundaries between memory, hallucination, emotion, and physical reality become indistinct.<\/p>\n<p><strong>Tomasz Kowalski\u2019s figures breathe within thresholds of possibility<\/strong>, both imaginative and physical: bodies, interiors, and atmospheres continuously shift toward metaphor, while painting itself becomes a portal to unstable mnemonic and psychological dimensions \u2014 an alchemy through which pigments turn into worlds and brushstrokes into presences.<\/p>\n<\/p>\n\t\t<\/div>\n\t\t\t\t\t<\/div>\n\n\t\n\n<\/div>\n<div class=\"is-divider divider clearfix\" style=\"max-width:2000px;height:1px;background-color:rgb(10, 10, 10);\"><\/div>\n\t<div id=\"text-1900310628\" class=\"text\">\n\t\t\n<p><span style=\"font-size: 100%;\"><strong>Tomasz Kowalski \/ artista<\/strong><\/span><\/p>\n<p><strong>BIOGRAFIA ARTISTA<\/strong><\/p>\n<p><strong>Tomasz Kowalski <\/strong>was born in Szczebrzeszyn in 1984. He studied at the Academy of Fine Arts in Krak\u00f3w. As a painter, he has held numerous exhibitions, including solo shows at Cr\u00e8vec\u0153ur, Paris; Gda\u0144sk City Gallery, Gda\u0144sk (PL); Clearing, New York; Dawid Radziszewski Gallery, Warsaw; 15 Orient, New York; Swallow, Vilnius; Nino Mier Gallery, Los Angeles; Galerie Tobias Naehring, Leipzig; Tim Van Laere Gallery, Antwerp; Arcadia Missa, London.  <\/p>\n<p>His works are included in the collections of the Muzeum Sztuki, \u0141\u00f3d\u017a (PL); Centre Pompidou, Paris; MUMOK (Museum Moderner Kunst Stiftung Ludwig), Vienna; MOCAK (Museum of Contemporary Art in Krak\u00f3w), Krak\u00f3w; X Museum, Beijing; FRAC des Pays de la Loire, Nantes; Pinault Collection, Venice; Boros Collection, Berlin; and the Fondazione Sandra e Giancarlo Bonollo, Thiene (IT).<\/p>\n<p>Kowalski also runs Alicja, a music label publishing works by various artists, as well as his own music and audio plays. He lives and works between Warsaw and Antwerp. <\/p>\n<\/p>\n\t\t\n<style>\n#text-1900310628 {\n  font-size: 1.1rem;\n  line-height: 1.5;\n}\n<\/style>\n\t<\/div>\n\t\n","protected":false},"excerpt":{"rendered":"","protected":false},"author":1,"featured_media":0,"parent":596,"menu_order":0,"comment_status":"closed","ping_status":"closed","template":"","meta":{"footnotes":""},"class_list":["post-2056","page","type-page","status-publish","hentry"],"yoast_head":"<!-- This site is optimized with the Yoast SEO plugin v22.8 - https:\/\/yoast.com\/wordpress\/plugins\/seo\/ -->\n<title>Tomasz Kowalski, Sanatorium | Fondazione Bonollo<\/title>\n<meta name=\"description\" content=\"Tomasz Kowalski (Szczebrzeszyn, 1984) presentS Sanatorium (May 23rd - 30th August 2026), a site specific solo show.\" \/>\n<meta name=\"robots\" content=\"index, follow, max-snippet:-1, max-image-preview:large, max-video-preview:-1\" \/>\n<link rel=\"canonical\" href=\"https:\/\/fondazionebonollo.com\/en\/projects\/sanatorium\/\" \/>\n<meta property=\"og:locale\" content=\"en_US\" \/>\n<meta property=\"og:type\" content=\"article\" \/>\n<meta property=\"og:title\" content=\"Tomasz Kowalski, Sanatorium | Fondazione Bonollo\" \/>\n<meta property=\"og:description\" content=\"Tomasz Kowalski (Szczebrzeszyn, 1984) presentS Sanatorium (May 23rd - 30th August 2026), a site specific solo show.\" \/>\n<meta property=\"og:url\" content=\"https:\/\/fondazionebonollo.com\/en\/projects\/sanatorium\/\" \/>\n<meta property=\"og:site_name\" content=\"Fondazione Bonollo\" \/>\n<meta property=\"article:modified_time\" content=\"2026-05-15T09:40:25+00:00\" \/>\n<meta name=\"twitter:card\" content=\"summary_large_image\" \/>\n<meta name=\"twitter:label1\" content=\"Est. reading time\" \/>\n\t<meta name=\"twitter:data1\" content=\"3 minutes\" \/>\n<script type=\"application\/ld+json\" class=\"yoast-schema-graph\">{\"@context\":\"https:\/\/schema.org\",\"@graph\":[{\"@type\":\"WebPage\",\"@id\":\"https:\/\/fondazionebonollo.com\/en\/projects\/sanatorium\/\",\"url\":\"https:\/\/fondazionebonollo.com\/en\/projects\/sanatorium\/\",\"name\":\"Tomasz Kowalski, Sanatorium | Fondazione Bonollo\",\"isPartOf\":{\"@id\":\"https:\/\/fondazionebonollo.com\/en\/#website\"},\"datePublished\":\"2026-05-15T08:42:01+00:00\",\"dateModified\":\"2026-05-15T09:40:25+00:00\",\"description\":\"Tomasz Kowalski (Szczebrzeszyn, 1984) presentS Sanatorium (May 23rd - 30th August 2026), a site specific solo show.\",\"breadcrumb\":{\"@id\":\"https:\/\/fondazionebonollo.com\/en\/projects\/sanatorium\/#breadcrumb\"},\"inLanguage\":\"en-US\",\"potentialAction\":[{\"@type\":\"ReadAction\",\"target\":[\"https:\/\/fondazionebonollo.com\/en\/projects\/sanatorium\/\"]}]},{\"@type\":\"BreadcrumbList\",\"@id\":\"https:\/\/fondazionebonollo.com\/en\/projects\/sanatorium\/#breadcrumb\",\"itemListElement\":[{\"@type\":\"ListItem\",\"position\":1,\"name\":\"Home\",\"item\":\"https:\/\/fondazionebonollo.com\/en\/\"},{\"@type\":\"ListItem\",\"position\":2,\"name\":\"Projects\",\"item\":\"https:\/\/fondazionebonollo.com\/en\/projects\/\"},{\"@type\":\"ListItem\",\"position\":3,\"name\":\"Sanatorium\"}]},{\"@type\":\"WebSite\",\"@id\":\"https:\/\/fondazionebonollo.com\/en\/#website\",\"url\":\"https:\/\/fondazionebonollo.com\/en\/\",\"name\":\"Fondazione Bonollo\",\"description\":\"\",\"potentialAction\":[{\"@type\":\"SearchAction\",\"target\":{\"@type\":\"EntryPoint\",\"urlTemplate\":\"https:\/\/fondazionebonollo.com\/en\/?s={search_term_string}\"},\"query-input\":\"required name=search_term_string\"}],\"inLanguage\":\"en-US\"}]}<\/script>\n<!-- \/ Yoast SEO plugin. -->","yoast_head_json":{"title":"Tomasz Kowalski, Sanatorium | Fondazione Bonollo","description":"Tomasz Kowalski (Szczebrzeszyn, 1984) presentS Sanatorium (May 23rd - 30th August 2026), a site specific solo show.","robots":{"index":"index","follow":"follow","max-snippet":"max-snippet:-1","max-image-preview":"max-image-preview:large","max-video-preview":"max-video-preview:-1"},"canonical":"https:\/\/fondazionebonollo.com\/en\/projects\/sanatorium\/","og_locale":"en_US","og_type":"article","og_title":"Tomasz Kowalski, Sanatorium | Fondazione Bonollo","og_description":"Tomasz Kowalski (Szczebrzeszyn, 1984) presentS Sanatorium (May 23rd - 30th August 2026), a site specific solo show.","og_url":"https:\/\/fondazionebonollo.com\/en\/projects\/sanatorium\/","og_site_name":"Fondazione Bonollo","article_modified_time":"2026-05-15T09:40:25+00:00","twitter_card":"summary_large_image","twitter_misc":{"Est. reading time":"3 minutes"},"schema":{"@context":"https:\/\/schema.org","@graph":[{"@type":"WebPage","@id":"https:\/\/fondazionebonollo.com\/en\/projects\/sanatorium\/","url":"https:\/\/fondazionebonollo.com\/en\/projects\/sanatorium\/","name":"Tomasz Kowalski, Sanatorium | Fondazione Bonollo","isPartOf":{"@id":"https:\/\/fondazionebonollo.com\/en\/#website"},"datePublished":"2026-05-15T08:42:01+00:00","dateModified":"2026-05-15T09:40:25+00:00","description":"Tomasz Kowalski (Szczebrzeszyn, 1984) presentS Sanatorium (May 23rd - 30th August 2026), a site specific solo show.","breadcrumb":{"@id":"https:\/\/fondazionebonollo.com\/en\/projects\/sanatorium\/#breadcrumb"},"inLanguage":"en-US","potentialAction":[{"@type":"ReadAction","target":["https:\/\/fondazionebonollo.com\/en\/projects\/sanatorium\/"]}]},{"@type":"BreadcrumbList","@id":"https:\/\/fondazionebonollo.com\/en\/projects\/sanatorium\/#breadcrumb","itemListElement":[{"@type":"ListItem","position":1,"name":"Home","item":"https:\/\/fondazionebonollo.com\/en\/"},{"@type":"ListItem","position":2,"name":"Projects","item":"https:\/\/fondazionebonollo.com\/en\/projects\/"},{"@type":"ListItem","position":3,"name":"Sanatorium"}]},{"@type":"WebSite","@id":"https:\/\/fondazionebonollo.com\/en\/#website","url":"https:\/\/fondazionebonollo.com\/en\/","name":"Fondazione Bonollo","description":"","potentialAction":[{"@type":"SearchAction","target":{"@type":"EntryPoint","urlTemplate":"https:\/\/fondazionebonollo.com\/en\/?s={search_term_string}"},"query-input":"required name=search_term_string"}],"inLanguage":"en-US"}]}},"_links":{"self":[{"href":"https:\/\/fondazionebonollo.com\/en\/wp-json\/wp\/v2\/pages\/2056","targetHints":{"allow":["GET"]}}],"collection":[{"href":"https:\/\/fondazionebonollo.com\/en\/wp-json\/wp\/v2\/pages"}],"about":[{"href":"https:\/\/fondazionebonollo.com\/en\/wp-json\/wp\/v2\/types\/page"}],"author":[{"embeddable":true,"href":"https:\/\/fondazionebonollo.com\/en\/wp-json\/wp\/v2\/users\/1"}],"replies":[{"embeddable":true,"href":"https:\/\/fondazionebonollo.com\/en\/wp-json\/wp\/v2\/comments?post=2056"}],"version-history":[{"count":10,"href":"https:\/\/fondazionebonollo.com\/en\/wp-json\/wp\/v2\/pages\/2056\/revisions"}],"predecessor-version":[{"id":2117,"href":"https:\/\/fondazionebonollo.com\/en\/wp-json\/wp\/v2\/pages\/2056\/revisions\/2117"}],"up":[{"embeddable":true,"href":"https:\/\/fondazionebonollo.com\/en\/wp-json\/wp\/v2\/pages\/596"}],"wp:attachment":[{"href":"https:\/\/fondazionebonollo.com\/en\/wp-json\/wp\/v2\/media?parent=2056"}],"curies":[{"name":"wp","href":"https:\/\/api.w.org\/{rel}","templated":true}]}}