{"id":1777,"date":"2026-02-09T19:18:37","date_gmt":"2026-02-09T19:18:37","guid":{"rendered":"https:\/\/fondazionebonollo.com\/?page_id=1777"},"modified":"2026-02-24T17:36:54","modified_gmt":"2026-02-24T17:36:54","slug":"visions","status":"publish","type":"page","link":"https:\/\/fondazionebonollo.com\/en\/projects\/visions\/","title":{"rendered":"Visions"},"content":{"rendered":"\t<div id=\"text-2835700771\" class=\"text h1black\">\n\t\t\n<h2><span style=\"font-size: 19pt;\">IN CORSO<\/span><\/h2>\n\t\t\n<style>\n#text-2835700771 {\n  color: rgb(255, 255, 255);\n}\n#text-2835700771 > * {\n  color: rgb(255, 255, 255);\n}\n<\/style>\n\t<\/div>\n\t\n\t<div class=\"img has-hover x md-x lg-x y md-y lg-y\" id=\"image_1348819275\">\n\t\t\t\t\t\t\t\t<div class=\"img-inner dark\" >\n\t\t\t<img loading=\"lazy\" decoding=\"async\" width=\"781\" height=\"587\" src=\"https:\/\/fondazionebonollo.com\/wp-content\/uploads\/2026\/02\/hero-frieda.jpg\" class=\"attachment-large size-large\" alt=\"\" srcset=\"https:\/\/fondazionebonollo.com\/wp-content\/uploads\/2026\/02\/hero-frieda.jpg 781w, https:\/\/fondazionebonollo.com\/wp-content\/uploads\/2026\/02\/hero-frieda-300x225.jpg 300w, https:\/\/fondazionebonollo.com\/wp-content\/uploads\/2026\/02\/hero-frieda-768x577.jpg 768w\" sizes=\"auto, (max-width: 781px) 100vw, 781px\" \/>\t\t\t\t\t\t\n\t\t\t\t\t<\/div>\n\t\t\t\t\t\t\t\t\n<style>\n#image_1348819275 {\n  width: 100%;\n}\n<\/style>\n\t<\/div>\n\t\n<div class=\"row row-small align-center\"  id=\"row-454175520\">\n\n\t<div id=\"col-459562349\" class=\"col small-12 large-12\"  >\n\t\t\t\t<div class=\"col-inner text-left\"  >\n\t\t\t\n\t\t\t\n\t<div id=\"text-3527848255\" class=\"text\">\n\t\t\n<h2><em style=\"font-size: 100%;\">VISIONI<\/em><\/h2>\n<h2><span style=\"font-size: 100%;\">FRIEDA TORANZO JAEGER<\/span><\/h2>\n\t\t\n<style>\n#text-3527848255 {\n  font-size: 1.4rem;\n}\n@media (min-width:550px) {\n  #text-3527848255 {\n    font-size: 1.2rem;\n  }\n}\n<\/style>\n\t<\/div>\n\t\n\t<div id=\"text-2397498795\" class=\"text blocco-testo\">\n\t\t\n<p>a cura di Elisa Carollo<\/p>\n\t\t\n<style>\n#text-2397498795 {\n  font-size: 1rem;\n  line-height: 1.2;\n}\n@media (min-width:550px) {\n  #text-2397498795 {\n    font-size: 1.2rem;\n    line-height: 1;\n  }\n}\n<\/style>\n\t<\/div>\n\t\n\t<div id=\"text-1494718751\" class=\"text testodata\">\n\t\t\n<p><strong><span style=\"font-size: 140%;\">21.02.2026 &gt; 09.05.2026<\/span><\/strong><\/p>\n\t\t\n<style>\n#text-1494718751 {\n  color: rgb(255, 255, 255);\n}\n#text-1494718751 > * {\n  color: rgb(255, 255, 255);\n}\n<\/style>\n\t<\/div>\n\t\n<p>Opening hours | Thursady 2:00 &gt; 7:00 pm, Friday and Saturday 10:30 am &gt;12:30 pm &#8211; 2:00 &gt; 7:00 pm Free admission. From Sunday to Wednesday by appointment only.<\/p>\n\t\t<\/div>\n\t\t\t\t\n<style>\n#col-459562349 > .col-inner {\n  padding: 20px 0px 0px 0px;\n}\n@media (min-width:550px) {\n  #col-459562349 > .col-inner {\n    padding: 20px 0px 0px 0px;\n  }\n}\n<\/style>\n\t<\/div>\n\n\t\n\n\t<div id=\"col-185398023\" class=\"col small-12 large-12\"  >\n\t\t\t\t<div class=\"col-inner\"  >\n\t\t\t\n\t\t\t\n<p>L\u2019artista messicana Frieda Toranzo Jaeger (1988) presenta alla Fondazione Sandra e Giancarlo Bonollo per l\u2019arte contemporanea a Thiene Visioni, una raccolta di opere rappresentative della sua ricerca sull\u2019influenza dei modelli religiosi e i sistemi ideologici sull\u2019esistenza contemporanea.\u00a0<\/p>\n<p>Le prime due sale della Fondazione ospitano una serie di grandi dipinti tridimensionali di Frieda Toranzo Jaeger ispirati nella forma alle pale d\u2019altare portatili, oggetti di devozione cattolica qui privati della loro funzione e trasformati in dispositivi di ri-immaginazione. L\u2019artista affronta direttamente la cappella dell\u2019ex chiesa delle Dimesse come architettura di potere che per secoli ha contribuito a sostenere una precisa visione del mondo.<\/p>\n<p>Spiega Elisa Carollo, curatrice: \u00abAttingendo a visioni del mondo in cui generi, animali, strumenti, sessualit\u00e0, parentela, piante, suono e clima coesistono in una rete continua di relazioni, le sue opere si configurano come contro-cosmologie: immaginari erotici, meccanici ed esoterici che rifiutano la trascendenza a favore dell\u2019immanenza, immaginando interdipendenze fluide tra biologia e macchina, spirito e materia\u00bb.<\/p>\n<p>\u00a0<\/p>\n<div class=\"slider-wrapper relative\" id=\"slider-732400201\" >\n    <div class=\"slider slider-nav-circle slider-nav-large slider-nav-light slider-style-normal\"\n        data-flickity-options='{\n            \"cellAlign\": \"center\",\n            \"imagesLoaded\": true,\n            \"lazyLoad\": 1,\n            \"freeScroll\": false,\n            \"wrapAround\": true,\n            \"autoPlay\": 6000,\n            \"pauseAutoPlayOnHover\" : true,\n            \"prevNextButtons\": true,\n            \"contain\" : true,\n            \"adaptiveHeight\" : true,\n            \"dragThreshold\" : 10,\n            \"percentPosition\": true,\n            \"pageDots\": true,\n            \"rightToLeft\": false,\n            \"draggable\": true,\n            \"selectedAttraction\": 0.1,\n            \"parallax\" : 0,\n            \"friction\": 0.6        }'\n        >\n        \n\t<div class=\"img has-hover x md-x lg-x y md-y lg-y\" id=\"image_292936355\">\n\t\t\t\t\t\t\t\t<div class=\"img-inner dark\" >\n\t\t\t<img loading=\"lazy\" decoding=\"async\" width=\"1020\" height=\"926\" src=\"https:\/\/fondazionebonollo.com\/wp-content\/uploads\/2026\/02\/GJ5A0605-scaled-e1771946094554-1024x930.jpg\" class=\"attachment-large size-large\" alt=\"\" srcset=\"https:\/\/fondazionebonollo.com\/wp-content\/uploads\/2026\/02\/GJ5A0605-scaled-e1771946094554-1024x930.jpg 1024w, https:\/\/fondazionebonollo.com\/wp-content\/uploads\/2026\/02\/GJ5A0605-scaled-e1771946094554-300x273.jpg 300w, https:\/\/fondazionebonollo.com\/wp-content\/uploads\/2026\/02\/GJ5A0605-scaled-e1771946094554-768x698.jpg 768w, https:\/\/fondazionebonollo.com\/wp-content\/uploads\/2026\/02\/GJ5A0605-scaled-e1771946094554.jpg 1390w\" sizes=\"auto, (max-width: 1020px) 100vw, 1020px\" \/>\t\t\t\t\t\t\n\t\t\t\t\t<\/div>\n\t\t\t\t\t\t\t\t\n<style>\n#image_292936355 {\n  width: 100%;\n}\n<\/style>\n\t<\/div>\n\t\n\t<div class=\"img has-hover x md-x lg-x y md-y lg-y\" id=\"image_1873061823\">\n\t\t\t\t\t\t\t\t<div class=\"img-inner dark\" >\n\t\t\t<img loading=\"lazy\" decoding=\"async\" width=\"738\" height=\"1024\" src=\"https:\/\/fondazionebonollo.com\/wp-content\/uploads\/2026\/02\/GJ5A0435-scaled-e1771946168628-738x1024.jpg\" class=\"attachment-large size-large\" alt=\"\" srcset=\"https:\/\/fondazionebonollo.com\/wp-content\/uploads\/2026\/02\/GJ5A0435-scaled-e1771946168628-738x1024.jpg 738w, https:\/\/fondazionebonollo.com\/wp-content\/uploads\/2026\/02\/GJ5A0435-scaled-e1771946168628-216x300.jpg 216w, https:\/\/fondazionebonollo.com\/wp-content\/uploads\/2026\/02\/GJ5A0435-scaled-e1771946168628-768x1066.jpg 768w, https:\/\/fondazionebonollo.com\/wp-content\/uploads\/2026\/02\/GJ5A0435-scaled-e1771946168628-1107x1536.jpg 1107w, https:\/\/fondazionebonollo.com\/wp-content\/uploads\/2026\/02\/GJ5A0435-scaled-e1771946168628.jpg 1160w\" sizes=\"auto, (max-width: 738px) 100vw, 738px\" \/>\t\t\t\t\t\t\n\t\t\t\t\t<\/div>\n\t\t\t\t\t\t\t\t\n<style>\n#image_1873061823 {\n  width: 100%;\n}\n<\/style>\n\t<\/div>\n\t\n\t<div class=\"img has-hover x md-x lg-x y md-y lg-y\" id=\"image_1556212948\">\n\t\t\t\t\t\t\t\t<div class=\"img-inner dark\" >\n\t\t\t<img loading=\"lazy\" decoding=\"async\" width=\"1020\" height=\"680\" src=\"https:\/\/fondazionebonollo.com\/wp-content\/uploads\/2026\/02\/GJ5A0477-1024x683.jpg\" class=\"attachment-large size-large\" alt=\"\" srcset=\"https:\/\/fondazionebonollo.com\/wp-content\/uploads\/2026\/02\/GJ5A0477-1024x683.jpg 1024w, https:\/\/fondazionebonollo.com\/wp-content\/uploads\/2026\/02\/GJ5A0477-300x200.jpg 300w, https:\/\/fondazionebonollo.com\/wp-content\/uploads\/2026\/02\/GJ5A0477-768x512.jpg 768w, https:\/\/fondazionebonollo.com\/wp-content\/uploads\/2026\/02\/GJ5A0477-1536x1024.jpg 1536w, https:\/\/fondazionebonollo.com\/wp-content\/uploads\/2026\/02\/GJ5A0477-2048x1365.jpg 2048w\" sizes=\"auto, (max-width: 1020px) 100vw, 1020px\" \/>\t\t\t\t\t\t\n\t\t\t\t\t<\/div>\n\t\t\t\t\t\t\t\t\n<style>\n#image_1556212948 {\n  width: 100%;\n}\n<\/style>\n\t<\/div>\n\t\n\t<div class=\"img has-hover x md-x lg-x y md-y lg-y\" id=\"image_2085088512\">\n\t\t\t\t\t\t\t\t<div class=\"img-inner dark\" >\n\t\t\t<img loading=\"lazy\" decoding=\"async\" width=\"683\" height=\"1024\" src=\"https:\/\/fondazionebonollo.com\/wp-content\/uploads\/2026\/02\/GJ5A0505-683x1024.jpg\" class=\"attachment-large size-large\" alt=\"\" srcset=\"https:\/\/fondazionebonollo.com\/wp-content\/uploads\/2026\/02\/GJ5A0505-683x1024.jpg 683w, https:\/\/fondazionebonollo.com\/wp-content\/uploads\/2026\/02\/GJ5A0505-200x300.jpg 200w, https:\/\/fondazionebonollo.com\/wp-content\/uploads\/2026\/02\/GJ5A0505-768x1152.jpg 768w, https:\/\/fondazionebonollo.com\/wp-content\/uploads\/2026\/02\/GJ5A0505-1024x1536.jpg 1024w, https:\/\/fondazionebonollo.com\/wp-content\/uploads\/2026\/02\/GJ5A0505-1365x2048.jpg 1365w, https:\/\/fondazionebonollo.com\/wp-content\/uploads\/2026\/02\/GJ5A0505-scaled.jpg 1707w\" sizes=\"auto, (max-width: 683px) 100vw, 683px\" \/>\t\t\t\t\t\t\n\t\t\t\t\t<\/div>\n\t\t\t\t\t\t\t\t\n<style>\n#image_2085088512 {\n  width: 100%;\n}\n<\/style>\n\t<\/div>\n\t\n\t<div class=\"img has-hover x md-x lg-x y md-y lg-y\" id=\"image_867892256\">\n\t\t\t\t\t\t\t\t<div class=\"img-inner dark\" >\n\t\t\t<img loading=\"lazy\" decoding=\"async\" width=\"1020\" height=\"680\" src=\"https:\/\/fondazionebonollo.com\/wp-content\/uploads\/2026\/02\/GJ5A0490-1024x683.jpg\" class=\"attachment-large size-large\" alt=\"\" srcset=\"https:\/\/fondazionebonollo.com\/wp-content\/uploads\/2026\/02\/GJ5A0490-1024x683.jpg 1024w, https:\/\/fondazionebonollo.com\/wp-content\/uploads\/2026\/02\/GJ5A0490-300x200.jpg 300w, https:\/\/fondazionebonollo.com\/wp-content\/uploads\/2026\/02\/GJ5A0490-768x512.jpg 768w, https:\/\/fondazionebonollo.com\/wp-content\/uploads\/2026\/02\/GJ5A0490-1536x1024.jpg 1536w, https:\/\/fondazionebonollo.com\/wp-content\/uploads\/2026\/02\/GJ5A0490-2048x1365.jpg 2048w\" sizes=\"auto, (max-width: 1020px) 100vw, 1020px\" \/>\t\t\t\t\t\t\n\t\t\t\t\t<\/div>\n\t\t\t\t\t\t\t\t\n<style>\n#image_867892256 {\n  width: 100%;\n}\n<\/style>\n\t<\/div>\n\t\n\t<div class=\"img has-hover x md-x lg-x y md-y lg-y\" id=\"image_1444661225\">\n\t\t\t\t\t\t\t\t<div class=\"img-inner dark\" >\n\t\t\t<img loading=\"lazy\" decoding=\"async\" width=\"1020\" height=\"680\" src=\"https:\/\/fondazionebonollo.com\/wp-content\/uploads\/2026\/02\/GJ5A0440-1024x683.jpg\" class=\"attachment-large size-large\" alt=\"\" srcset=\"https:\/\/fondazionebonollo.com\/wp-content\/uploads\/2026\/02\/GJ5A0440-1024x683.jpg 1024w, https:\/\/fondazionebonollo.com\/wp-content\/uploads\/2026\/02\/GJ5A0440-300x200.jpg 300w, https:\/\/fondazionebonollo.com\/wp-content\/uploads\/2026\/02\/GJ5A0440-768x512.jpg 768w, https:\/\/fondazionebonollo.com\/wp-content\/uploads\/2026\/02\/GJ5A0440-1536x1024.jpg 1536w, https:\/\/fondazionebonollo.com\/wp-content\/uploads\/2026\/02\/GJ5A0440-2048x1365.jpg 2048w\" sizes=\"auto, (max-width: 1020px) 100vw, 1020px\" \/>\t\t\t\t\t\t\n\t\t\t\t\t<\/div>\n\t\t\t\t\t\t\t\t\n<style>\n#image_1444661225 {\n  width: 100%;\n}\n<\/style>\n\t<\/div>\n\t\n\t<div class=\"img has-hover x md-x lg-x y md-y lg-y\" id=\"image_537257387\">\n\t\t\t\t\t\t\t\t<div class=\"img-inner dark\" >\n\t\t\t<img loading=\"lazy\" decoding=\"async\" width=\"1020\" height=\"680\" src=\"https:\/\/fondazionebonollo.com\/wp-content\/uploads\/2026\/02\/GJ5A0513-1024x683.jpg\" class=\"attachment-large size-large\" alt=\"\" srcset=\"https:\/\/fondazionebonollo.com\/wp-content\/uploads\/2026\/02\/GJ5A0513-1024x683.jpg 1024w, https:\/\/fondazionebonollo.com\/wp-content\/uploads\/2026\/02\/GJ5A0513-300x200.jpg 300w, https:\/\/fondazionebonollo.com\/wp-content\/uploads\/2026\/02\/GJ5A0513-768x512.jpg 768w, https:\/\/fondazionebonollo.com\/wp-content\/uploads\/2026\/02\/GJ5A0513-1536x1024.jpg 1536w, https:\/\/fondazionebonollo.com\/wp-content\/uploads\/2026\/02\/GJ5A0513-2048x1365.jpg 2048w\" sizes=\"auto, (max-width: 1020px) 100vw, 1020px\" \/>\t\t\t\t\t\t\n\t\t\t\t\t<\/div>\n\t\t\t\t\t\t\t\t\n<style>\n#image_537257387 {\n  width: 100%;\n}\n<\/style>\n\t<\/div>\n\t\n\t<div class=\"img has-hover x md-x lg-x y md-y lg-y\" id=\"image_808800070\">\n\t\t\t\t\t\t\t\t<div class=\"img-inner dark\" >\n\t\t\t<img loading=\"lazy\" decoding=\"async\" width=\"1020\" height=\"680\" src=\"https:\/\/fondazionebonollo.com\/wp-content\/uploads\/2026\/02\/GJ5A0510-1024x683.jpg\" class=\"attachment-large size-large\" alt=\"\" srcset=\"https:\/\/fondazionebonollo.com\/wp-content\/uploads\/2026\/02\/GJ5A0510-1024x683.jpg 1024w, https:\/\/fondazionebonollo.com\/wp-content\/uploads\/2026\/02\/GJ5A0510-300x200.jpg 300w, https:\/\/fondazionebonollo.com\/wp-content\/uploads\/2026\/02\/GJ5A0510-768x512.jpg 768w, https:\/\/fondazionebonollo.com\/wp-content\/uploads\/2026\/02\/GJ5A0510-1536x1024.jpg 1536w, https:\/\/fondazionebonollo.com\/wp-content\/uploads\/2026\/02\/GJ5A0510-2048x1365.jpg 2048w\" sizes=\"auto, (max-width: 1020px) 100vw, 1020px\" \/>\t\t\t\t\t\t\n\t\t\t\t\t<\/div>\n\t\t\t\t\t\t\t\t\n<style>\n#image_808800070 {\n  width: 100%;\n}\n<\/style>\n\t<\/div>\n\t\n     <\/div>\n\n     <div class=\"loading-spin dark large centered\"><\/div>\n\n\t<\/div>\n\n\n\t\t<\/div>\n\t\t\t\t\t<\/div>\n\n\t\n\n<\/div>\n<div class=\"is-divider divider clearfix\" style=\"max-width:2000px;height:1px;background-color:rgb(10, 10, 10);\"><\/div>\n\t<div id=\"text-3818205703\" class=\"text\">\n\t\t\n<p><span style=\"font-size: 100%;\"><strong>Frieda Toranzo Jaeger \/ artista<\/strong><\/span><\/p>\n<p><strong>Frieda Toranzo Jaeger<\/strong> (nata nel 1988 a Citt\u00e0 del Messico, Messico) vive e lavora a Citt\u00e0 del Messico. Il suo lavoro pittorico, animato da istanze femministe e postcoloniali, mette inoltre in discussione le strutture formali stesse del medium. La sua pratica affronta anche le rappresentazioni della mascolinit\u00e0 e della femminilit\u00e0 nella cultura visiva del tardo capitalismo. Ha conseguito un diploma post-laurea presso la Hochschule f\u00fcr Bildende K\u00fcnste di Amburgo, dopo avervi completato i suoi studi professionali. Frieda ha ricevuto l\u2019HISCOX Art Prize nel 2016 e il Finkenwerder F\u00f6rderpreis nel 2022.Tra le sue principali mostre personali figurano A Future in the Light of Darkness presso Modern Art Oxford; Autonomous Drive al MoMA PS1; The Perpetual Sense of Redness al Baltimore Museum of Art. Il suo lavoro \u00e8 stato inoltre presentato alla Biennale Arte di Venezia 2024, Stranieri Ovunque \u2013 Foreigners Everywhere. Attualmente \u00e8 studentessa del programma di certificazione del nuovo centro di ricerca e pratica in filosofia critica.<\/p>\n<p><strong>\u00a0<\/strong><\/p>\n<p>\u00a0<\/p>\n\t\t\n<style>\n#text-3818205703 {\n  font-size: 1.1rem;\n  line-height: 1.5;\n}\n<\/style>\n\t<\/div>\n\t\n","protected":false},"excerpt":{"rendered":"","protected":false},"author":1,"featured_media":0,"parent":596,"menu_order":0,"comment_status":"closed","ping_status":"closed","template":"","meta":{"footnotes":""},"class_list":["post-1777","page","type-page","status-publish","hentry"],"yoast_head":"<!-- This site is optimized with the Yoast SEO plugin v22.8 - https:\/\/yoast.com\/wordpress\/plugins\/seo\/ -->\n<title>Frieda Toranzo Jaeger, Visions | Fondazione Bonollo<\/title>\n<meta name=\"description\" content=\"February 21 \u2013 May 9. The solo exhibition by Frieda Toranzo Jaeger (1988), presented at the Fondazione Sandra e Giancarlo Bonollo per l\u2019arte contemporanea in Thiene, Visions brings together a selection of works representative of her research into the influence of religious models and ideological systems on contemporary existence.\" \/>\n<meta name=\"robots\" content=\"index, follow, max-snippet:-1, max-image-preview:large, max-video-preview:-1\" \/>\n<link rel=\"canonical\" href=\"https:\/\/fondazionebonollo.com\/en\/projects\/visions\/\" \/>\n<meta property=\"og:locale\" content=\"en_US\" \/>\n<meta property=\"og:type\" content=\"article\" \/>\n<meta property=\"og:title\" content=\"Frieda Toranzo Jaeger, Visions | Fondazione Bonollo\" \/>\n<meta property=\"og:description\" content=\"February 21 \u2013 May 9. The solo exhibition by Frieda Toranzo Jaeger (1988), presented at the Fondazione Sandra e Giancarlo Bonollo per l\u2019arte contemporanea in Thiene, Visions brings together a selection of works representative of her research into the influence of religious models and ideological systems on contemporary existence.\" \/>\n<meta property=\"og:url\" content=\"https:\/\/fondazionebonollo.com\/en\/projects\/visions\/\" \/>\n<meta property=\"og:site_name\" content=\"Fondazione Bonollo\" \/>\n<meta property=\"article:modified_time\" content=\"2026-02-24T17:36:54+00:00\" \/>\n<meta name=\"twitter:card\" content=\"summary_large_image\" \/>\n<meta name=\"twitter:label1\" content=\"Est. reading time\" \/>\n\t<meta name=\"twitter:data1\" content=\"3 minutes\" \/>\n<script type=\"application\/ld+json\" class=\"yoast-schema-graph\">{\"@context\":\"https:\/\/schema.org\",\"@graph\":[{\"@type\":\"WebPage\",\"@id\":\"https:\/\/fondazionebonollo.com\/en\/projects\/visions\/\",\"url\":\"https:\/\/fondazionebonollo.com\/en\/projects\/visions\/\",\"name\":\"Frieda Toranzo Jaeger, Visions | Fondazione Bonollo\",\"isPartOf\":{\"@id\":\"https:\/\/fondazionebonollo.com\/en\/#website\"},\"datePublished\":\"2026-02-09T19:18:37+00:00\",\"dateModified\":\"2026-02-24T17:36:54+00:00\",\"description\":\"February 21 \u2013 May 9. The solo exhibition by Frieda Toranzo Jaeger (1988), presented at the Fondazione Sandra e Giancarlo Bonollo per l\u2019arte contemporanea in Thiene, Visions brings together a selection of works representative of her research into the influence of religious models and ideological systems on contemporary existence.\",\"breadcrumb\":{\"@id\":\"https:\/\/fondazionebonollo.com\/en\/projects\/visions\/#breadcrumb\"},\"inLanguage\":\"en-US\",\"potentialAction\":[{\"@type\":\"ReadAction\",\"target\":[\"https:\/\/fondazionebonollo.com\/en\/projects\/visions\/\"]}]},{\"@type\":\"BreadcrumbList\",\"@id\":\"https:\/\/fondazionebonollo.com\/en\/projects\/visions\/#breadcrumb\",\"itemListElement\":[{\"@type\":\"ListItem\",\"position\":1,\"name\":\"Home\",\"item\":\"https:\/\/fondazionebonollo.com\/en\/\"},{\"@type\":\"ListItem\",\"position\":2,\"name\":\"Projects\",\"item\":\"https:\/\/fondazionebonollo.com\/en\/projects\/\"},{\"@type\":\"ListItem\",\"position\":3,\"name\":\"Visions\"}]},{\"@type\":\"WebSite\",\"@id\":\"https:\/\/fondazionebonollo.com\/en\/#website\",\"url\":\"https:\/\/fondazionebonollo.com\/en\/\",\"name\":\"Fondazione Bonollo\",\"description\":\"\",\"potentialAction\":[{\"@type\":\"SearchAction\",\"target\":{\"@type\":\"EntryPoint\",\"urlTemplate\":\"https:\/\/fondazionebonollo.com\/en\/?s={search_term_string}\"},\"query-input\":\"required name=search_term_string\"}],\"inLanguage\":\"en-US\"}]}<\/script>\n<!-- \/ Yoast SEO plugin. -->","yoast_head_json":{"title":"Frieda Toranzo Jaeger, Visions | Fondazione Bonollo","description":"February 21 \u2013 May 9. The solo exhibition by Frieda Toranzo Jaeger (1988), presented at the Fondazione Sandra e Giancarlo Bonollo per l\u2019arte contemporanea in Thiene, Visions brings together a selection of works representative of her research into the influence of religious models and ideological systems on contemporary existence.","robots":{"index":"index","follow":"follow","max-snippet":"max-snippet:-1","max-image-preview":"max-image-preview:large","max-video-preview":"max-video-preview:-1"},"canonical":"https:\/\/fondazionebonollo.com\/en\/projects\/visions\/","og_locale":"en_US","og_type":"article","og_title":"Frieda Toranzo Jaeger, Visions | Fondazione Bonollo","og_description":"February 21 \u2013 May 9. The solo exhibition by Frieda Toranzo Jaeger (1988), presented at the Fondazione Sandra e Giancarlo Bonollo per l\u2019arte contemporanea in Thiene, Visions brings together a selection of works representative of her research into the influence of religious models and ideological systems on contemporary existence.","og_url":"https:\/\/fondazionebonollo.com\/en\/projects\/visions\/","og_site_name":"Fondazione Bonollo","article_modified_time":"2026-02-24T17:36:54+00:00","twitter_card":"summary_large_image","twitter_misc":{"Est. reading time":"3 minutes"},"schema":{"@context":"https:\/\/schema.org","@graph":[{"@type":"WebPage","@id":"https:\/\/fondazionebonollo.com\/en\/projects\/visions\/","url":"https:\/\/fondazionebonollo.com\/en\/projects\/visions\/","name":"Frieda Toranzo Jaeger, Visions | Fondazione Bonollo","isPartOf":{"@id":"https:\/\/fondazionebonollo.com\/en\/#website"},"datePublished":"2026-02-09T19:18:37+00:00","dateModified":"2026-02-24T17:36:54+00:00","description":"February 21 \u2013 May 9. The solo exhibition by Frieda Toranzo Jaeger (1988), presented at the Fondazione Sandra e Giancarlo Bonollo per l\u2019arte contemporanea in Thiene, Visions brings together a selection of works representative of her research into the influence of religious models and ideological systems on contemporary existence.","breadcrumb":{"@id":"https:\/\/fondazionebonollo.com\/en\/projects\/visions\/#breadcrumb"},"inLanguage":"en-US","potentialAction":[{"@type":"ReadAction","target":["https:\/\/fondazionebonollo.com\/en\/projects\/visions\/"]}]},{"@type":"BreadcrumbList","@id":"https:\/\/fondazionebonollo.com\/en\/projects\/visions\/#breadcrumb","itemListElement":[{"@type":"ListItem","position":1,"name":"Home","item":"https:\/\/fondazionebonollo.com\/en\/"},{"@type":"ListItem","position":2,"name":"Projects","item":"https:\/\/fondazionebonollo.com\/en\/projects\/"},{"@type":"ListItem","position":3,"name":"Visions"}]},{"@type":"WebSite","@id":"https:\/\/fondazionebonollo.com\/en\/#website","url":"https:\/\/fondazionebonollo.com\/en\/","name":"Fondazione Bonollo","description":"","potentialAction":[{"@type":"SearchAction","target":{"@type":"EntryPoint","urlTemplate":"https:\/\/fondazionebonollo.com\/en\/?s={search_term_string}"},"query-input":"required name=search_term_string"}],"inLanguage":"en-US"}]}},"_links":{"self":[{"href":"https:\/\/fondazionebonollo.com\/en\/wp-json\/wp\/v2\/pages\/1777","targetHints":{"allow":["GET"]}}],"collection":[{"href":"https:\/\/fondazionebonollo.com\/en\/wp-json\/wp\/v2\/pages"}],"about":[{"href":"https:\/\/fondazionebonollo.com\/en\/wp-json\/wp\/v2\/types\/page"}],"author":[{"embeddable":true,"href":"https:\/\/fondazionebonollo.com\/en\/wp-json\/wp\/v2\/users\/1"}],"replies":[{"embeddable":true,"href":"https:\/\/fondazionebonollo.com\/en\/wp-json\/wp\/v2\/comments?post=1777"}],"version-history":[{"count":22,"href":"https:\/\/fondazionebonollo.com\/en\/wp-json\/wp\/v2\/pages\/1777\/revisions"}],"predecessor-version":[{"id":1921,"href":"https:\/\/fondazionebonollo.com\/en\/wp-json\/wp\/v2\/pages\/1777\/revisions\/1921"}],"up":[{"embeddable":true,"href":"https:\/\/fondazionebonollo.com\/en\/wp-json\/wp\/v2\/pages\/596"}],"wp:attachment":[{"href":"https:\/\/fondazionebonollo.com\/en\/wp-json\/wp\/v2\/media?parent=1777"}],"curies":[{"name":"wp","href":"https:\/\/api.w.org\/{rel}","templated":true}]}}