{"id":1593,"date":"2025-11-15T15:30:12","date_gmt":"2025-11-15T15:30:12","guid":{"rendered":"https:\/\/fondazionebonollo.com\/?page_id=1593"},"modified":"2026-02-03T08:24:28","modified_gmt":"2026-02-03T08:24:28","slug":"anna-glantz-tutto-si-fa-piu-grigio-piu-dorato-e-freddo-its-getting-grayer-and-gold-and-chilly-2","status":"publish","type":"page","link":"https:\/\/fondazionebonollo.com\/en\/projects\/anna-glantz-tutto-si-fa-piu-grigio-piu-dorato-e-freddo-its-getting-grayer-and-gold-and-chilly-2\/","title":{"rendered":"Affinities &#8211; Being seen"},"content":{"rendered":"\t<div id=\"text-472787380\" class=\"text h1black\">\n\t\t\n<h2><span style=\"font-size: 19pt;\">ENDED<\/span><\/h2>\n\t\t\n<style>\n#text-472787380 {\n  color: rgb(255, 255, 255);\n}\n#text-472787380 > * {\n  color: rgb(255, 255, 255);\n}\n<\/style>\n\t<\/div>\n\t\n\t<div class=\"img has-hover x md-x lg-x y md-y lg-y\" id=\"image_1730107189\">\n\t\t\t\t\t\t\t\t<div class=\"img-inner dark\" >\n\t\t\t<img loading=\"lazy\" decoding=\"async\" width=\"809\" height=\"327\" src=\"https:\/\/fondazionebonollo.com\/wp-content\/uploads\/2025\/11\/hero-image-pieter-hugo.jpg\" class=\"attachment-original size-original\" alt=\"Trcuk Driver, Pieter Hugo\" srcset=\"https:\/\/fondazionebonollo.com\/wp-content\/uploads\/2025\/11\/hero-image-pieter-hugo.jpg 809w, https:\/\/fondazionebonollo.com\/wp-content\/uploads\/2025\/11\/hero-image-pieter-hugo-300x121.jpg 300w, https:\/\/fondazionebonollo.com\/wp-content\/uploads\/2025\/11\/hero-image-pieter-hugo-768x310.jpg 768w\" sizes=\"auto, (max-width: 809px) 100vw, 809px\" \/>\t\t\t\t\t\t\n\t\t\t\t\t<\/div>\n\t\t\t\t\t\t\t\t\n<style>\n#image_1730107189 {\n  width: 100%;\n}\n<\/style>\n\t<\/div>\n\t\n<div class=\"row row-small align-center\"  id=\"row-782385608\">\n\n\t<div id=\"col-522582830\" class=\"col small-12 large-12\"  >\n\t\t\t\t<div class=\"col-inner text-left\"  >\n\t\t\t\n\t\t\t\n\t<div id=\"text-2227364654\" class=\"text\">\n\t\t\n<h2><em style=\"font-size: 100%;\">Affinities &#8211; Being seen<\/em><\/h2>\n<h2><span style=\"font-size: 100%;\">PIETER HUGO<\/span><\/h2>\n\t\t\n<style>\n#text-2227364654 {\n  font-size: 1.4rem;\n}\n@media (min-width:550px) {\n  #text-2227364654 {\n    font-size: 1.2rem;\n  }\n}\n<\/style>\n\t<\/div>\n\t\n\t<div id=\"text-905992822\" class=\"text blocco-testo\">\n\t\t\n<p>curated by Federica Angelucci<\/p>\n\t\t\n<style>\n#text-905992822 {\n  font-size: 1rem;\n  line-height: 1.2;\n}\n@media (min-width:550px) {\n  #text-905992822 {\n    font-size: 1.2rem;\n    line-height: 1;\n  }\n}\n<\/style>\n\t<\/div>\n\t\n\t<div id=\"text-3011032169\" class=\"text testodata\">\n\t\t\n<p><strong><span style=\"font-size: 140%;\">21.11.2025 &gt; 31.01.2026<\/span><\/strong><\/p>\n\t\t\n<style>\n#text-3011032169 {\n  color: rgb(255, 255, 255);\n}\n#text-3011032169 > * {\n  color: rgb(255, 255, 255);\n}\n<\/style>\n\t<\/div>\n\t\n<p>Opening hours | Thursday 2:00 pm &gt; 7:00 pm, Friday and Saturday 10:30 am &gt;12:30 pm &#8211; 2:00 pm &gt; 7:00 pm. Free entrance. From Sunday to Wednesday by appointment only.<\/p>\n\t\t<\/div>\n\t\t\t\t\n<style>\n#col-522582830 > .col-inner {\n  padding: 0px 0px 0px 0px;\n}\n@media (min-width:550px) {\n  #col-522582830 > .col-inner {\n    padding: 20px 0px 0px 0px;\n  }\n}\n<\/style>\n\t<\/div>\n\n\t\n\n\t<div id=\"col-468905898\" class=\"col small-12 large-12\"  >\n\t\t\t\t<div class=\"col-inner\"  >\n\t\t\t\n\t\t\t\n\t<div id=\"text-3295038012\" class=\"text\">\n\t\t\n<p>Pieter Hugo presents at the Bonollo Foundation a gallery of photographic portraits of people he has met over the years, in various geographical and social contexts. The exhibition reveals the approach of the South African photographer, who is interested in exploring the truth and possibilities of the photographic medium. Featuring full-length or half-length portraits, often nude, his subjects look directly at the viewer, becoming the protagonists of a scene that distances itself from everything that has happened before or will happen afterward. The faces and bodies of the people Hugo encounters convey their identity beyond stereotypes or categories. In the exhibition, the portraits become a possible map of contemporary humanity: dense, unsimplified, and capturing each person in their irreducible singularity.    <\/p>\n\t\t\n<style>\n#text-3295038012 {\n  font-size: 1.1rem;\n  line-height: 1.5;\n}\n<\/style>\n\t<\/div>\n\t\n\t\t<\/div>\n\t\t\t\t\t<\/div>\n\n\t\n\n<\/div>\n<div class=\"slider-wrapper relative\" id=\"slider-2046434139\" >\n    <div class=\"slider slider-nav-circle slider-nav-large slider-nav-light slider-style-normal\"\n        data-flickity-options='{\n            \"cellAlign\": \"center\",\n            \"imagesLoaded\": true,\n            \"lazyLoad\": 1,\n            \"freeScroll\": false,\n            \"wrapAround\": true,\n            \"autoPlay\": 6000,\n            \"pauseAutoPlayOnHover\" : true,\n            \"prevNextButtons\": true,\n            \"contain\" : true,\n            \"adaptiveHeight\" : true,\n            \"dragThreshold\" : 10,\n            \"percentPosition\": true,\n            \"pageDots\": true,\n            \"rightToLeft\": false,\n            \"draggable\": true,\n            \"selectedAttraction\": 0.1,\n            \"parallax\" : 0,\n            \"friction\": 0.6        }'\n        >\n        \n\t<div class=\"img has-hover x md-x lg-x y md-y lg-y\" id=\"image_1002383446\">\n\t\t\t\t\t\t\t\t<div class=\"img-inner dark\" style=\"margin:50px 50px 50px 50px;\">\n\t\t\t<img loading=\"lazy\" decoding=\"async\" width=\"1020\" height=\"680\" src=\"https:\/\/fondazionebonollo.com\/wp-content\/uploads\/2025\/11\/GIO_8262-1024x683.jpg\" class=\"attachment-large size-large\" alt=\"\" srcset=\"https:\/\/fondazionebonollo.com\/wp-content\/uploads\/2025\/11\/GIO_8262-1024x683.jpg 1024w, https:\/\/fondazionebonollo.com\/wp-content\/uploads\/2025\/11\/GIO_8262-300x200.jpg 300w, https:\/\/fondazionebonollo.com\/wp-content\/uploads\/2025\/11\/GIO_8262-768x512.jpg 768w, https:\/\/fondazionebonollo.com\/wp-content\/uploads\/2025\/11\/GIO_8262-1536x1024.jpg 1536w, https:\/\/fondazionebonollo.com\/wp-content\/uploads\/2025\/11\/GIO_8262-2048x1365.jpg 2048w\" sizes=\"auto, (max-width: 1020px) 100vw, 1020px\" \/>\t\t\t\t\t\t\n\t\t\t\t\t<\/div>\n\t\t\t\t\t\t\t\t\n<style>\n#image_1002383446 {\n  width: 100%;\n}\n<\/style>\n\t<\/div>\n\t\n\t<div class=\"img has-hover x md-x lg-x y md-y lg-y\" id=\"image_259044273\">\n\t\t\t\t\t\t\t\t<div class=\"img-inner dark\" >\n\t\t\t<img loading=\"lazy\" decoding=\"async\" width=\"1020\" height=\"680\" src=\"https:\/\/fondazionebonollo.com\/wp-content\/uploads\/2025\/11\/GIO_8268-1024x683.jpg\" class=\"attachment-large size-large\" alt=\"\" srcset=\"https:\/\/fondazionebonollo.com\/wp-content\/uploads\/2025\/11\/GIO_8268-1024x683.jpg 1024w, https:\/\/fondazionebonollo.com\/wp-content\/uploads\/2025\/11\/GIO_8268-300x200.jpg 300w, https:\/\/fondazionebonollo.com\/wp-content\/uploads\/2025\/11\/GIO_8268-768x512.jpg 768w, https:\/\/fondazionebonollo.com\/wp-content\/uploads\/2025\/11\/GIO_8268-1536x1024.jpg 1536w, https:\/\/fondazionebonollo.com\/wp-content\/uploads\/2025\/11\/GIO_8268-2048x1365.jpg 2048w\" sizes=\"auto, (max-width: 1020px) 100vw, 1020px\" \/>\t\t\t\t\t\t\n\t\t\t\t\t<\/div>\n\t\t\t\t\t\t\t\t\n<style>\n#image_259044273 {\n  width: 100%;\n}\n<\/style>\n\t<\/div>\n\t\n\t<div class=\"img has-hover x md-x lg-x y md-y lg-y\" id=\"image_696530249\">\n\t\t\t\t\t\t\t\t<div class=\"img-inner dark\" style=\"margin:50px 50px 50px 50px;\">\n\t\t\t<img loading=\"lazy\" decoding=\"async\" width=\"1020\" height=\"680\" src=\"https:\/\/fondazionebonollo.com\/wp-content\/uploads\/2025\/11\/GIO_8292-Copia-1024x683.jpg\" class=\"attachment-large size-large\" alt=\"\" srcset=\"https:\/\/fondazionebonollo.com\/wp-content\/uploads\/2025\/11\/GIO_8292-Copia-1024x683.jpg 1024w, https:\/\/fondazionebonollo.com\/wp-content\/uploads\/2025\/11\/GIO_8292-Copia-300x200.jpg 300w, https:\/\/fondazionebonollo.com\/wp-content\/uploads\/2025\/11\/GIO_8292-Copia-768x512.jpg 768w, https:\/\/fondazionebonollo.com\/wp-content\/uploads\/2025\/11\/GIO_8292-Copia-1536x1024.jpg 1536w, https:\/\/fondazionebonollo.com\/wp-content\/uploads\/2025\/11\/GIO_8292-Copia-2048x1365.jpg 2048w\" sizes=\"auto, (max-width: 1020px) 100vw, 1020px\" \/>\t\t\t\t\t\t\n\t\t\t\t\t<\/div>\n\t\t\t\t\t\t\t\t\n<style>\n#image_696530249 {\n  width: 100%;\n}\n<\/style>\n\t<\/div>\n\t\n\t<div class=\"img has-hover x md-x lg-x y md-y lg-y\" id=\"image_545470495\">\n\t\t\t\t\t\t\t\t<div class=\"img-inner dark\" style=\"margin:50px 50px 50px 50px;\">\n\t\t\t<img loading=\"lazy\" decoding=\"async\" width=\"1020\" height=\"680\" src=\"https:\/\/fondazionebonollo.com\/wp-content\/uploads\/2025\/11\/GIO_8314-1024x683.jpg\" class=\"attachment-large size-large\" alt=\"\" srcset=\"https:\/\/fondazionebonollo.com\/wp-content\/uploads\/2025\/11\/GIO_8314-1024x683.jpg 1024w, https:\/\/fondazionebonollo.com\/wp-content\/uploads\/2025\/11\/GIO_8314-300x200.jpg 300w, https:\/\/fondazionebonollo.com\/wp-content\/uploads\/2025\/11\/GIO_8314-768x512.jpg 768w, https:\/\/fondazionebonollo.com\/wp-content\/uploads\/2025\/11\/GIO_8314-1536x1024.jpg 1536w, https:\/\/fondazionebonollo.com\/wp-content\/uploads\/2025\/11\/GIO_8314-2048x1365.jpg 2048w\" sizes=\"auto, (max-width: 1020px) 100vw, 1020px\" \/>\t\t\t\t\t\t\n\t\t\t\t\t<\/div>\n\t\t\t\t\t\t\t\t\n<style>\n#image_545470495 {\n  width: 100%;\n}\n<\/style>\n\t<\/div>\n\t\n\t<div class=\"img has-hover x md-x lg-x y md-y lg-y\" id=\"image_706971606\">\n\t\t\t\t\t\t\t\t<div class=\"img-inner dark\" style=\"margin:50px 50px 50px 50px;\">\n\t\t\t<img loading=\"lazy\" decoding=\"async\" width=\"1020\" height=\"680\" src=\"https:\/\/fondazionebonollo.com\/wp-content\/uploads\/2025\/11\/GIO_8304-1024x683.jpg\" class=\"attachment-large size-large\" alt=\"\" srcset=\"https:\/\/fondazionebonollo.com\/wp-content\/uploads\/2025\/11\/GIO_8304-1024x683.jpg 1024w, https:\/\/fondazionebonollo.com\/wp-content\/uploads\/2025\/11\/GIO_8304-300x200.jpg 300w, https:\/\/fondazionebonollo.com\/wp-content\/uploads\/2025\/11\/GIO_8304-768x512.jpg 768w, https:\/\/fondazionebonollo.com\/wp-content\/uploads\/2025\/11\/GIO_8304-1536x1024.jpg 1536w, https:\/\/fondazionebonollo.com\/wp-content\/uploads\/2025\/11\/GIO_8304-2048x1365.jpg 2048w\" sizes=\"auto, (max-width: 1020px) 100vw, 1020px\" \/>\t\t\t\t\t\t\n\t\t\t\t\t<\/div>\n\t\t\t\t\t\t\t\t\n<style>\n#image_706971606 {\n  width: 100%;\n}\n<\/style>\n\t<\/div>\n\t\n\t<div class=\"img has-hover x md-x lg-x y md-y lg-y\" id=\"image_207688754\">\n\t\t\t\t\t\t\t\t<div class=\"img-inner dark\" style=\"margin:50px 50px 50px 50px;\">\n\t\t\t<img loading=\"lazy\" decoding=\"async\" width=\"1020\" height=\"680\" src=\"https:\/\/fondazionebonollo.com\/wp-content\/uploads\/2025\/11\/GIO_8294-1024x683.jpg\" class=\"attachment-large size-large\" alt=\"\" srcset=\"https:\/\/fondazionebonollo.com\/wp-content\/uploads\/2025\/11\/GIO_8294-1024x683.jpg 1024w, https:\/\/fondazionebonollo.com\/wp-content\/uploads\/2025\/11\/GIO_8294-300x200.jpg 300w, https:\/\/fondazionebonollo.com\/wp-content\/uploads\/2025\/11\/GIO_8294-768x512.jpg 768w, https:\/\/fondazionebonollo.com\/wp-content\/uploads\/2025\/11\/GIO_8294-1536x1024.jpg 1536w, https:\/\/fondazionebonollo.com\/wp-content\/uploads\/2025\/11\/GIO_8294-2048x1365.jpg 2048w\" sizes=\"auto, (max-width: 1020px) 100vw, 1020px\" \/>\t\t\t\t\t\t\n\t\t\t\t\t<\/div>\n\t\t\t\t\t\t\t\t\n<style>\n#image_207688754 {\n  width: 100%;\n}\n<\/style>\n\t<\/div>\n\t\n\t<div class=\"img has-hover x md-x lg-x y md-y lg-y\" id=\"image_1863745118\">\n\t\t\t\t\t\t\t\t<div class=\"img-inner dark\" style=\"margin:50px 50px 50px 50px;\">\n\t\t\t<img loading=\"lazy\" decoding=\"async\" width=\"1020\" height=\"680\" src=\"https:\/\/fondazionebonollo.com\/wp-content\/uploads\/2025\/11\/GIO_8299-1024x683.jpg\" class=\"attachment-large size-large\" alt=\"\" srcset=\"https:\/\/fondazionebonollo.com\/wp-content\/uploads\/2025\/11\/GIO_8299-1024x683.jpg 1024w, https:\/\/fondazionebonollo.com\/wp-content\/uploads\/2025\/11\/GIO_8299-300x200.jpg 300w, https:\/\/fondazionebonollo.com\/wp-content\/uploads\/2025\/11\/GIO_8299-768x512.jpg 768w, https:\/\/fondazionebonollo.com\/wp-content\/uploads\/2025\/11\/GIO_8299-1536x1024.jpg 1536w, https:\/\/fondazionebonollo.com\/wp-content\/uploads\/2025\/11\/GIO_8299-2048x1365.jpg 2048w\" sizes=\"auto, (max-width: 1020px) 100vw, 1020px\" \/>\t\t\t\t\t\t\n\t\t\t\t\t<\/div>\n\t\t\t\t\t\t\t\t\n<style>\n#image_1863745118 {\n  width: 100%;\n}\n<\/style>\n\t<\/div>\n\t\n\t<div class=\"img has-hover x md-x lg-x y md-y lg-y\" id=\"image_1919489282\">\n\t\t\t\t\t\t\t\t<div class=\"img-inner dark\" style=\"margin:50px 50px 50px 50px;\">\n\t\t\t<img loading=\"lazy\" decoding=\"async\" width=\"1020\" height=\"680\" src=\"https:\/\/fondazionebonollo.com\/wp-content\/uploads\/2025\/11\/GIO_8276-1024x683.jpg\" class=\"attachment-large size-large\" alt=\"\" srcset=\"https:\/\/fondazionebonollo.com\/wp-content\/uploads\/2025\/11\/GIO_8276-1024x683.jpg 1024w, https:\/\/fondazionebonollo.com\/wp-content\/uploads\/2025\/11\/GIO_8276-300x200.jpg 300w, https:\/\/fondazionebonollo.com\/wp-content\/uploads\/2025\/11\/GIO_8276-768x512.jpg 768w, https:\/\/fondazionebonollo.com\/wp-content\/uploads\/2025\/11\/GIO_8276-1536x1024.jpg 1536w, https:\/\/fondazionebonollo.com\/wp-content\/uploads\/2025\/11\/GIO_8276-2048x1365.jpg 2048w\" sizes=\"auto, (max-width: 1020px) 100vw, 1020px\" \/>\t\t\t\t\t\t\n\t\t\t\t\t<\/div>\n\t\t\t\t\t\t\t\t\n<style>\n#image_1919489282 {\n  width: 100%;\n}\n<\/style>\n\t<\/div>\n\t\n     <\/div>\n\n     <div class=\"loading-spin dark large centered\"><\/div>\n\n\t<\/div>\n\n\n<div class=\"is-divider divider clearfix\" style=\"max-width:2000px;height:1px;background-color:rgb(10, 10, 10);\"><\/div>\n\t<div id=\"text-1154505946\" class=\"text\">\n\t\t\n<p><span style=\"font-size: 100%;\"><strong>Pieter Hugo \/ artist<\/strong><\/span><\/p>\n<p><strong>Pieter Hugo<\/strong> was born 1976 in Johannesburg, and is a photographic artist living in Cape Town.<br \/>Major solo exhibitions have taken place at the Rencontres d&#8217;Arles, France; Museu Cole\u00e7\u00e3o Berardo, Lisbon in Portugal; Museum f\u00fcr Kunst und Kulturgeschichte, Dortmund in Germany; Kunstmuseum Wolfsburg, the Museum of Contemporary Art in Zagreb, The Hague Museum of Photography, Mus\u00e9e de l&#8217;Elys\u00e9e in Lausanne, Ludwig Museum in Budapest, Fotografiska in Stockholm, MAXXI in Rome and the Institute of Modern Art Brisbane, among others. Hugo has participated in numerous group exhibitions at institutions including the Perez Art Museum Miami, Bucerius Kunst Forum, Huis Marseille, the National Museum of Modern and Contemporary Art in Seoul, Barbican Art Gallery, Rijksmuseum, Tate Modern, the Folkwang Museum, Funda\u00e7\u00e3o Calouste Gulbenkian, and the S\u00e3o Paulo Biennale     <\/p>\n<p>His work is represented in prominent public and private collections, among them the Centre Pompidou, Museum of Modern Art, V&amp;A Museum, San Francisco Museum of Modern Art, Metropolitan Museum of Modern Art, J Paul Getty Museum, Walther Collection, Rijksmuseum, Deutsche B\u00f6rse Group, Folkwang Museum and Huis Marseille.<br \/>Hugo received the Discovery Award at the Rencontres d&#8217;Arles Festival and the KLM Paul Huf Award in 2008, the Seydou Keita Award at the Rencontres de Bamako African Photography Biennial and the Young Director Award at Cannes Lion Festival in 2011, and was shortlisted for the Deutsche B\u00f6rse Photography Prize in 2012. In 2015 he was shortlisted for the Prix Pictet and was chosen as the \u2018In Focus\u2019 artist for the Taylor Wessing Photographic Portrait Prize at the National Portrait Gallery in London. <\/p>\n<p><strong> <\/strong><\/p>\n<\/p>\n\t\t\n<style>\n#text-1154505946 {\n  font-size: 1.1rem;\n  line-height: 1.5;\n}\n<\/style>\n\t<\/div>\n\t\n","protected":false},"excerpt":{"rendered":"","protected":false},"author":1,"featured_media":0,"parent":596,"menu_order":0,"comment_status":"closed","ping_status":"closed","template":"","meta":{"footnotes":""},"class_list":["post-1593","page","type-page","status-publish","hentry"],"yoast_head":"<!-- This site is optimized with the Yoast SEO plugin v22.8 - https:\/\/yoast.com\/wordpress\/plugins\/seo\/ -->\n<title>Affinities - Being seen | Fondazione Bonollo<\/title>\n<meta name=\"description\" content=\"21 November \u2013 31 January. Affinity \u2013 Being Seen is the solo exhibition of South African photographer Pieter Hugo, bringing together some of his most important photographic portraits.\" \/>\n<meta name=\"robots\" content=\"index, follow, max-snippet:-1, max-image-preview:large, max-video-preview:-1\" \/>\n<link rel=\"canonical\" href=\"https:\/\/fondazionebonollo.com\/en\/projects\/anna-glantz-tutto-si-fa-piu-grigio-piu-dorato-e-freddo-its-getting-grayer-and-gold-and-chilly-2\/\" \/>\n<meta property=\"og:locale\" content=\"en_US\" \/>\n<meta property=\"og:type\" content=\"article\" \/>\n<meta property=\"og:title\" content=\"Affinities - Being seen | Fondazione Bonollo\" \/>\n<meta property=\"og:description\" content=\"21 November \u2013 31 January. Affinity \u2013 Being Seen is the solo exhibition of South African photographer Pieter Hugo, bringing together some of his most important photographic portraits.\" \/>\n<meta property=\"og:url\" content=\"https:\/\/fondazionebonollo.com\/en\/projects\/anna-glantz-tutto-si-fa-piu-grigio-piu-dorato-e-freddo-its-getting-grayer-and-gold-and-chilly-2\/\" \/>\n<meta property=\"og:site_name\" content=\"Fondazione Bonollo\" \/>\n<meta property=\"article:modified_time\" content=\"2026-02-03T08:24:28+00:00\" \/>\n<meta name=\"twitter:card\" content=\"summary_large_image\" \/>\n<meta name=\"twitter:label1\" content=\"Est. reading time\" \/>\n\t<meta name=\"twitter:data1\" content=\"5 minutes\" \/>\n<script type=\"application\/ld+json\" class=\"yoast-schema-graph\">{\"@context\":\"https:\/\/schema.org\",\"@graph\":[{\"@type\":\"WebPage\",\"@id\":\"https:\/\/fondazionebonollo.com\/en\/projects\/anna-glantz-tutto-si-fa-piu-grigio-piu-dorato-e-freddo-its-getting-grayer-and-gold-and-chilly-2\/\",\"url\":\"https:\/\/fondazionebonollo.com\/en\/projects\/anna-glantz-tutto-si-fa-piu-grigio-piu-dorato-e-freddo-its-getting-grayer-and-gold-and-chilly-2\/\",\"name\":\"Affinities - Being seen | Fondazione Bonollo\",\"isPartOf\":{\"@id\":\"https:\/\/fondazionebonollo.com\/en\/#website\"},\"datePublished\":\"2025-11-15T15:30:12+00:00\",\"dateModified\":\"2026-02-03T08:24:28+00:00\",\"description\":\"21 November \u2013 31 January. Affinity \u2013 Being Seen is the solo exhibition of South African photographer Pieter Hugo, bringing together some of his most important photographic portraits.\",\"breadcrumb\":{\"@id\":\"https:\/\/fondazionebonollo.com\/en\/projects\/anna-glantz-tutto-si-fa-piu-grigio-piu-dorato-e-freddo-its-getting-grayer-and-gold-and-chilly-2\/#breadcrumb\"},\"inLanguage\":\"en-US\",\"potentialAction\":[{\"@type\":\"ReadAction\",\"target\":[\"https:\/\/fondazionebonollo.com\/en\/projects\/anna-glantz-tutto-si-fa-piu-grigio-piu-dorato-e-freddo-its-getting-grayer-and-gold-and-chilly-2\/\"]}]},{\"@type\":\"BreadcrumbList\",\"@id\":\"https:\/\/fondazionebonollo.com\/en\/projects\/anna-glantz-tutto-si-fa-piu-grigio-piu-dorato-e-freddo-its-getting-grayer-and-gold-and-chilly-2\/#breadcrumb\",\"itemListElement\":[{\"@type\":\"ListItem\",\"position\":1,\"name\":\"Home\",\"item\":\"https:\/\/fondazionebonollo.com\/en\/\"},{\"@type\":\"ListItem\",\"position\":2,\"name\":\"Projects\",\"item\":\"https:\/\/fondazionebonollo.com\/en\/projects\/\"},{\"@type\":\"ListItem\",\"position\":3,\"name\":\"Affinities &#8211; Being seen\"}]},{\"@type\":\"WebSite\",\"@id\":\"https:\/\/fondazionebonollo.com\/en\/#website\",\"url\":\"https:\/\/fondazionebonollo.com\/en\/\",\"name\":\"Fondazione Bonollo\",\"description\":\"\",\"potentialAction\":[{\"@type\":\"SearchAction\",\"target\":{\"@type\":\"EntryPoint\",\"urlTemplate\":\"https:\/\/fondazionebonollo.com\/en\/?s={search_term_string}\"},\"query-input\":\"required name=search_term_string\"}],\"inLanguage\":\"en-US\"}]}<\/script>\n<!-- \/ Yoast SEO plugin. -->","yoast_head_json":{"title":"Affinities - Being seen | Fondazione Bonollo","description":"21 November \u2013 31 January. Affinity \u2013 Being Seen is the solo exhibition of South African photographer Pieter Hugo, bringing together some of his most important photographic portraits.","robots":{"index":"index","follow":"follow","max-snippet":"max-snippet:-1","max-image-preview":"max-image-preview:large","max-video-preview":"max-video-preview:-1"},"canonical":"https:\/\/fondazionebonollo.com\/en\/projects\/anna-glantz-tutto-si-fa-piu-grigio-piu-dorato-e-freddo-its-getting-grayer-and-gold-and-chilly-2\/","og_locale":"en_US","og_type":"article","og_title":"Affinities - Being seen | Fondazione Bonollo","og_description":"21 November \u2013 31 January. Affinity \u2013 Being Seen is the solo exhibition of South African photographer Pieter Hugo, bringing together some of his most important photographic portraits.","og_url":"https:\/\/fondazionebonollo.com\/en\/projects\/anna-glantz-tutto-si-fa-piu-grigio-piu-dorato-e-freddo-its-getting-grayer-and-gold-and-chilly-2\/","og_site_name":"Fondazione Bonollo","article_modified_time":"2026-02-03T08:24:28+00:00","twitter_card":"summary_large_image","twitter_misc":{"Est. reading time":"5 minutes"},"schema":{"@context":"https:\/\/schema.org","@graph":[{"@type":"WebPage","@id":"https:\/\/fondazionebonollo.com\/en\/projects\/anna-glantz-tutto-si-fa-piu-grigio-piu-dorato-e-freddo-its-getting-grayer-and-gold-and-chilly-2\/","url":"https:\/\/fondazionebonollo.com\/en\/projects\/anna-glantz-tutto-si-fa-piu-grigio-piu-dorato-e-freddo-its-getting-grayer-and-gold-and-chilly-2\/","name":"Affinities - Being seen | Fondazione Bonollo","isPartOf":{"@id":"https:\/\/fondazionebonollo.com\/en\/#website"},"datePublished":"2025-11-15T15:30:12+00:00","dateModified":"2026-02-03T08:24:28+00:00","description":"21 November \u2013 31 January. Affinity \u2013 Being Seen is the solo exhibition of South African photographer Pieter Hugo, bringing together some of his most important photographic portraits.","breadcrumb":{"@id":"https:\/\/fondazionebonollo.com\/en\/projects\/anna-glantz-tutto-si-fa-piu-grigio-piu-dorato-e-freddo-its-getting-grayer-and-gold-and-chilly-2\/#breadcrumb"},"inLanguage":"en-US","potentialAction":[{"@type":"ReadAction","target":["https:\/\/fondazionebonollo.com\/en\/projects\/anna-glantz-tutto-si-fa-piu-grigio-piu-dorato-e-freddo-its-getting-grayer-and-gold-and-chilly-2\/"]}]},{"@type":"BreadcrumbList","@id":"https:\/\/fondazionebonollo.com\/en\/projects\/anna-glantz-tutto-si-fa-piu-grigio-piu-dorato-e-freddo-its-getting-grayer-and-gold-and-chilly-2\/#breadcrumb","itemListElement":[{"@type":"ListItem","position":1,"name":"Home","item":"https:\/\/fondazionebonollo.com\/en\/"},{"@type":"ListItem","position":2,"name":"Projects","item":"https:\/\/fondazionebonollo.com\/en\/projects\/"},{"@type":"ListItem","position":3,"name":"Affinities &#8211; Being seen"}]},{"@type":"WebSite","@id":"https:\/\/fondazionebonollo.com\/en\/#website","url":"https:\/\/fondazionebonollo.com\/en\/","name":"Fondazione Bonollo","description":"","potentialAction":[{"@type":"SearchAction","target":{"@type":"EntryPoint","urlTemplate":"https:\/\/fondazionebonollo.com\/en\/?s={search_term_string}"},"query-input":"required name=search_term_string"}],"inLanguage":"en-US"}]}},"_links":{"self":[{"href":"https:\/\/fondazionebonollo.com\/en\/wp-json\/wp\/v2\/pages\/1593","targetHints":{"allow":["GET"]}}],"collection":[{"href":"https:\/\/fondazionebonollo.com\/en\/wp-json\/wp\/v2\/pages"}],"about":[{"href":"https:\/\/fondazionebonollo.com\/en\/wp-json\/wp\/v2\/types\/page"}],"author":[{"embeddable":true,"href":"https:\/\/fondazionebonollo.com\/en\/wp-json\/wp\/v2\/users\/1"}],"replies":[{"embeddable":true,"href":"https:\/\/fondazionebonollo.com\/en\/wp-json\/wp\/v2\/comments?post=1593"}],"version-history":[{"count":27,"href":"https:\/\/fondazionebonollo.com\/en\/wp-json\/wp\/v2\/pages\/1593\/revisions"}],"predecessor-version":[{"id":1747,"href":"https:\/\/fondazionebonollo.com\/en\/wp-json\/wp\/v2\/pages\/1593\/revisions\/1747"}],"up":[{"embeddable":true,"href":"https:\/\/fondazionebonollo.com\/en\/wp-json\/wp\/v2\/pages\/596"}],"wp:attachment":[{"href":"https:\/\/fondazionebonollo.com\/en\/wp-json\/wp\/v2\/media?parent=1593"}],"curies":[{"name":"wp","href":"https:\/\/api.w.org\/{rel}","templated":true}]}}